{"id":13,"date":"2025-08-05T13:49:33","date_gmt":"2025-08-05T13:49:33","guid":{"rendered":"https:\/\/fussballbetking.com\/?page_id=13"},"modified":"2025-10-18T09:30:52","modified_gmt":"2025-10-18T09:30:52","slug":"shapely-backup-settings","status":"publish","type":"page","link":"https:\/\/fussballbetking.com\/","title":{"rendered":"Home"},"content":{"rendered":"<p class=\"western\" lang=\"de-DE\"><span style=\"color: #000000;\"><span style=\"font-family: Arial, sans-serif;\"><span style=\"font-size: xx-large;\"><span lang=\"de-CH\"><b><a id=\"Home\"><\/a>Fussballbetking.com <img loading=\"lazy\" decoding=\"async\" class=\"size-full wp-image-38 alignright\" src=\"https:\/\/fussballbetking.com\/wp-content\/uploads\/2025\/08\/Goal.jpg\" alt=\"\" width=\"236\" height=\"234\" srcset=\"https:\/\/fussballbetking.com\/wp-content\/uploads\/2025\/08\/Goal.jpg 236w, https:\/\/fussballbetking.com\/wp-content\/uploads\/2025\/08\/Goal-150x150.jpg 150w, https:\/\/fussballbetking.com\/wp-content\/uploads\/2025\/08\/Goal-117x116.jpg 117w\" sizes=\"auto, (max-width: 236px) 100vw, 236px\" \/><\/b><\/span><\/span><\/span><\/span><\/p>\n<p class=\"western\" lang=\"de-DE\"><span style=\"color: #000000;\"><span style=\"font-family: Arial, sans-serif;\"><span style=\"font-size: x-large;\"><span lang=\"de-CH\"><b>Bei Fussballbetking erh\u00e4ltst du Prognosen. <\/b><\/span><\/span><\/span><\/span><\/p>\n<p class=\"western\" lang=\"de-DE\"><span style=\"color: #000000;\"><span style=\"font-family: Arial, sans-serif;\"><span style=\"font-size: x-large;\"><span lang=\"de-CH\"><b>Sieg &#8211; kein Sieg &#8211; Niederlage.<\/b><\/span><\/span><\/span><\/span><\/p>\n<p class=\"western\" lang=\"de-DE\"><span style=\"color: #000000;\"><span style=\"font-family: Arial, sans-serif;\"><span style=\"font-size: large;\"><span lang=\"de-CH\"><b>Schluss mit geplatzten Wettscheinen! So tippst du auf die Gewinner.<\/b><\/span><\/span><\/span><\/span><\/p>\n<p class=\"western\" lang=\"de-DE\"><span style=\"color: #000000;\"><span style=\"font-family: Arial, sans-serif;\"><span style=\"font-size: large;\"><span lang=\"de-CH\">Kennst du das? Der haushohe Favorit mit der Mini-Quote von 1,3 versaut dir den ganzen Wettschein. Wieder nur Unentschieden oder sogar verloren. \u00c4rgerlich, oder? Damit ist jetzt Schluss!<\/span><\/span><\/span><\/span><\/p>\n<p class=\"western\" lang=\"de-DE\"><span style=\"color: #000000;\"><span style=\"font-family: Arial, sans-serif;\"><span style=\"font-size: large;\"><span lang=\"de-CH\">Stell dir vor: Du h\u00e4ttest auf den krassen Aussenseiter gesetzt und in der 92. Minute jubelst du \u00fcber einen fetten Gewinn.<\/span><\/span><\/span><\/span><\/p>\n<p class=\"western\" lang=\"de-DE\"><span style=\"color: #000000;\"><span style=\"font-family: Arial, sans-serif;\"><span style=\"font-size: large;\"><span lang=\"de-CH\">Unm\u00f6glich? Ist uns passiert!<\/span><\/span><\/span><\/span><\/p>\n<ul>\n<li>\n<p class=\"western\" lang=\"de-DE\"><span style=\"color: #000000;\"><span style=\"font-family: Arial, sans-serif;\"><span style=\"font-size: large;\"><span lang=\"de-CH\">FC Sion (Quote 2,9) liegt bis zur 80. Minute 0:2 gegen den FCZ zur\u00fcck.<\/span><\/span><\/span><\/span><\/p>\n<\/li>\n<li>\n<p class=\"western\" lang=\"de-DE\"><span style=\"color: #000000;\"><span style=\"font-family: Arial, sans-serif;\"><span style=\"font-size: large;\"><span lang=\"de-CH\">Dann: 81. Minute Anschlusstor, 87. Minute Ausgleich und 92. Minute Siegtor!<\/span><\/span><\/span><\/span><\/p>\n<\/li>\n<li>\n<p class=\"western\" lang=\"de-DE\"><span style=\"color: #000000;\"><span style=\"font-family: Arial, sans-serif;\"><span style=\"font-size: large;\"><span lang=\"de-CH\">BINGO! Kasse gemacht.<\/span><\/span><\/span><\/span><\/p>\n<\/li>\n<\/ul>\n<p class=\"western\" lang=\"de-DE\"><span style=\"color: #000000;\"><span style=\"font-family: Arial, sans-serif;\"><span style=\"font-size: large;\"><span lang=\"de-CH\"><b>Unser Geheimnis? Bei Fussballbetking erh\u00e4ltst du Zugang zu dem Faktor, den niemand kennt!<\/b><\/span><\/span><\/span><\/span><\/p>\n<p class=\"western\" lang=\"de-DE\"><span style=\"color: #000000;\"><span style=\"font-family: Arial, sans-serif;\"><span style=\"font-size: large;\"><span lang=\"de-CH\">Wir analysieren nicht Form und Statistik, wir nutzen eine einzigartige mathematische Methode, die den entscheidenden Faktor berechnet: die Zeitqualit\u00e4t. Das ist unser einzigartiger Wissensvorsprung, der Verluste minimiert und Gewinne maximiert.<\/span><\/span><\/span><\/span><\/p>\n<p class=\"western\" lang=\"de-DE\"><span style=\"color: #000000;\"><span style=\"font-family: Arial, sans-serif;\"><span style=\"font-size: large;\"><span lang=\"de-CH\"><b>Dein Vorteil \u2013 unsere Analyse!<\/b><\/span><\/span><\/span><\/span><\/p>\n<p class=\"western\" lang=\"de-DE\"><span style=\"color: #000000;\"><span style=\"font-family: Arial, sans-serif;\"><span style=\"font-size: large;\"><span lang=\"de-CH\">Wir scannen f\u00fcr dich die Top-Ligen und suchen die Spiele mit dem gr\u00f6ssten Potenzial:<\/span><\/span><\/span><\/span><\/p>\n<ul>\n<li>\n<p class=\"western\" lang=\"de-DE\"><span style=\"color: #000000;\"><span style=\"font-family: Arial, sans-serif;\"><span style=\"font-size: large;\"><span lang=\"de-CH\"><b>Bundesliga (1., 2. &amp; 3.)<\/b><\/span><\/span><\/span><\/span><\/p>\n<\/li>\n<li>\n<p class=\"western\" lang=\"de-DE\"><span style=\"color: #000000;\"><span style=\"font-family: Arial, sans-serif;\"><span style=\"font-size: large;\"><span lang=\"de-CH\"><b>Schweiz (Super &amp; Challenge League)<\/b><\/span><\/span><\/span><\/span><\/p>\n<\/li>\n<li>\n<p class=\"western\" lang=\"de-DE\"><span style=\"color: #000000;\"><span style=\"font-family: Arial, sans-serif;\"><span style=\"font-size: large;\"><span lang=\"de-CH\"><b>Premier League<\/b><\/span><\/span><\/span><\/span><\/p>\n<\/li>\n<li>\n<p class=\"western\" lang=\"de-DE\"><span style=\"color: #000000;\"><span style=\"font-family: Arial, sans-serif;\"><span style=\"font-size: large;\"><span lang=\"de-CH\"><b>Ligue 1<\/b><\/span><\/span><\/span><\/span><\/p>\n<\/li>\n<li>\n<p class=\"western\" lang=\"de-DE\"><span style=\"color: #000000;\"><span style=\"font-family: Arial, sans-serif;\"><span style=\"font-size: large;\"><span lang=\"de-CH\"><b>Serie A<\/b><\/span><\/span><\/span><\/span><\/p>\n<\/li>\n<li>\n<p class=\"western\" lang=\"de-DE\"><span style=\"color: #000000;\"><span style=\"font-family: Arial, sans-serif;\"><span style=\"font-size: large;\"><span lang=\"de-CH\"><b>La Liga<\/b><\/span><\/span><\/span><\/span><\/p>\n<\/li>\n<\/ul>\n<p class=\"western\" lang=\"de-DE\"><span style=\"color: #000000;\"><span style=\"font-family: Arial, sans-serif;\"><span style=\"font-size: large;\"><span lang=\"de-CH\"><b>Teste uns jetzt \u2013 komplett GRATIS!<\/b><\/span><\/span><\/span><\/span><\/p>\n<p class=\"western\" lang=\"de-DE\"><span style=\"color: #000000;\"><span style=\"font-family: Arial, sans-serif;\"><span style=\"font-size: large;\"><span lang=\"de-CH\">Du musst nicht die Katze im Sack kaufen. Schau dir unsere ersten Prognosen f\u00fcr die kommenden Spieltage v\u00f6llig kostenlos an. Dazu geh\u00f6ren13 Tipp-Favoriten. 12 aus den aufgef\u00fchrten Liegen plus einen K\u00f6nigstipp, den 13.<\/span><\/span><\/span><\/span><\/p>\n<p class=\"western\" lang=\"de-DE\"><span style=\"color: #000000;\"><span style=\"font-family: Arial, sans-serif;\"><span style=\"font-size: large;\"><span lang=\"de-CH\">Hol dir jetzt den entscheidenden Vorteil und mach deine n\u00e4chste Wette zum Volltreffer!<\/span><\/span><\/span><\/span><\/p>\n<p class=\"western\" lang=\"de-DE\"><span style=\"color: #000000;\"><span style=\"font-family: Arial, sans-serif;\"><span style=\"font-size: large;\"><span lang=\"de-CH\">\u00dcberzeuge dich selbst \u2013 die ersten Tipps gehen auf uns!<\/span><\/span><\/span><\/span><\/p>\n<p class=\"western\" lang=\"de-DE\"><span style=\"color: #000000;\"><span style=\"font-family: Arial, sans-serif;\"><span style=\"font-size: large;\"><span lang=\"de-CH\">Das ist dein Einstiegs-Angebot: Hol dir unsere ersten Prognosen f\u00fcr die kommenden Spiele 100% GRATIS. Kein Risiko, keine Kosten.<\/span><\/span><\/span><\/span><\/p>\n<p class=\"western\" lang=\"de-DE\"><span style=\"color: #000000;\"><span style=\"font-family: Arial, sans-serif;\"><span style=\"font-size: large;\"><span lang=\"de-CH\"><b>Klicke hier, sieh dir die Tipps an und gewinne mit uns!<br \/>\n<\/b><\/span><\/span><\/span><\/span><\/p>\n<p class=\"western\" lang=\"de-DE\"><span style=\"color: #000000;\"><span style=\"font-family: Arial, sans-serif;\"><span style=\"font-size: x-large;\"><span lang=\"de-CH\"><b><a id=\"Gewinnpaket\"><\/a>Dein w\u00f6chentliches Gewinn-Paket: Unsere Prognosen<\/b><\/span><\/span><\/span><\/span><\/p>\n<p class=\"western\" lang=\"de-DE\"><span style=\"color: #000000;\"><span style=\"font-family: Arial, sans-serif;\"><span style=\"font-size: large;\"><span lang=\"de-CH\">Du bekommst nicht nur irgendwelche Tipps. Du erh\u00e4ltst von uns jede Woche eine sorgf\u00e4ltig gepr\u00fcfte Auswahl der gr\u00f6ssten Chancen aus Europas Top-Ligen. X, 1 oder 2? Fussballbetking berechnet es f\u00fcr dich!<\/span><\/span><\/span><\/span><\/p>\n<p class=\"western\" lang=\"de-DE\"><span style=\"color: #000000;\"><span style=\"font-family: Arial, sans-serif;\"><span style=\"font-size: large;\"><span lang=\"de-CH\"><b>Das ist dein Vorteilspaket:<\/b><\/span><\/span><\/span><\/span><\/p>\n<ul>\n<li>\n<p class=\"western\" lang=\"de-DE\"><span style=\"color: #000000;\"><span style=\"font-family: Arial, sans-serif;\"><span style=\"font-size: large;\"><span lang=\"de-CH\">Jede Woche neu: Die 12 heissesten Tipps, von unseren Experten f\u00fcr dich ausgew\u00e4hlt.<\/span><\/span><\/span><\/span><\/p>\n<\/li>\n<li>\n<p class=\"western\" lang=\"de-DE\"><span style=\"color: #000000;\"><span style=\"font-family: Arial, sans-serif;\"><span style=\"font-size: large;\"><span lang=\"de-CH\">Fokus auf das Wesentliche: Wir analysieren die Top-Ligen und suchen die Spiele mit dem gr\u00f6ssten Potenzial.<\/span><\/span><\/span><\/span><\/p>\n<\/li>\n<li>\n<p class=\"western\" lang=\"de-DE\"><span style=\"color: #000000;\"><span style=\"font-family: Arial, sans-serif;\"><span style=\"font-size: large;\"><span lang=\"de-CH\">Der K\u00f6nigstipp: Als Highlight erh\u00e4ltst du den 13. Tipp als unseren K\u00f6nigstipp der Woche \u2013 die Top-Chance f\u00fcr deinen Wettschein!<\/span><\/span><\/span><\/span><\/p>\n<\/li>\n<\/ul>\n<p class=\"western\" lang=\"de-DE\"><span style=\"color: #000000;\"><span style=\"font-family: Arial, sans-serif;\"><span style=\"font-size: large;\"><span lang=\"de-CH\"><b><a id=\"Tipps\"><\/a>So sehen deine 12 Tipps aus:<\/b><\/span><\/span><\/span><\/span><\/p>\n<p class=\"western\" lang=\"de-DE\"><span style=\"color: #000000;\"><span style=\"font-family: Arial, sans-serif;\"><span style=\"font-size: large;\"><span lang=\"de-CH\"><b>Freitag, 1.8.25<\/b><\/span><\/span><\/span><\/span><\/p>\n<ul>\n<li>\n<p class=\"western\" lang=\"de-DE\"><span style=\"color: #000000;\"><span style=\"font-family: Arial, sans-serif;\"><span style=\"font-size: large;\"><span lang=\"de-CH\">20:30 | 2. Bundesliga | Schalke : Hertha | Tipp: 1<\/span><\/span><\/span><\/span><\/p>\n<\/li>\n<li>\n<p class=\"western\" lang=\"de-DE\"><span style=\"color: #000000;\"><span style=\"font-family: Arial, sans-serif;\"><span style=\"font-size: large;\"><span lang=\"de-CH\">19:00 | 3. Bundesliga | RW Essen : 1860 M\u00fcnchen | Tipp: X<\/span><\/span><\/span><\/span><\/p>\n<\/li>\n<li>\n<p class=\"western\" lang=\"de-DE\"><span style=\"color: #000000;\"><span style=\"font-family: Arial, sans-serif;\"><span style=\"font-size: large;\"><span lang=\"en-US\">19:30 | Challenge League | Nyon : Rapperswil | Tipp: 1<\/span><\/span><\/span><\/span><\/p>\n<\/li>\n<\/ul>\n<p class=\"western\" lang=\"de-DE\"><span style=\"color: #000000;\"><span style=\"font-family: Arial, sans-serif;\"><span style=\"font-size: large;\"><span lang=\"de-CH\"><b>Samstag, 2.8.25<\/b><\/span><\/span><\/span><\/span><\/p>\n<ul>\n<li>\n<p class=\"western\" lang=\"de-DE\"><span style=\"color: #000000;\"><span style=\"font-family: Arial, sans-serif;\"><span style=\"font-size: large;\"><span lang=\"de-CH\">20:30 | 2. Bundesliga | Arminia : Fortuna D\u00fcsseldorf | Tipp: 1<\/span><\/span><\/span><\/span><\/p>\n<\/li>\n<li>\n<p class=\"western\" lang=\"de-DE\"><span style=\"color: #000000;\"><span style=\"font-family: Arial, sans-serif;\"><span style=\"font-size: large;\"><span lang=\"en-US\">18:00 | Super League | Winterthur : YB | Tipp: X<\/span><\/span><\/span><\/span><\/p>\n<\/li>\n<li>\n<p class=\"western\" lang=\"de-DE\"><span style=\"color: #000000;\"><span style=\"font-family: Arial, sans-serif;\"><span style=\"font-size: large;\"><span lang=\"en-US\">18:00 | Super League | Servette : St. Gallen | Tipp: 2<\/span><\/span><\/span><\/span><\/p>\n<\/li>\n<\/ul>\n<p>&nbsp;<\/p>\n<p class=\"western\" lang=\"de-DE\"><span style=\"color: #000000;\"><span style=\"font-family: Arial, sans-serif;\"><span style=\"font-size: large;\"><span lang=\"de-CH\"><i><b>(Prognosen ohne Gew\u00e4hr. Fussballbetking erwartet eine Trefferquote von ca. 70 %).<\/b><\/i><\/span><\/span><\/span><\/span><\/p>\n<p class=\"western\" lang=\"de-DE\"><span style=\"color: #000000;\"><span style=\"font-family: Arial, sans-serif;\"><span style=\"font-size: large;\"><span lang=\"de-CH\"><b>Der fussballbetking-Profi-Tipp: Spiele clever und sichere dich ab!<\/b><\/span><\/span><\/span><\/span><\/p>\n<p class=\"western\" lang=\"de-DE\"><span style=\"color: #000000;\"><span style=\"font-family: Arial, sans-serif;\"><span style=\"font-size: large;\"><span lang=\"de-CH\">H\u00f6r auf, alles auf eine Karte zu setzen! Mit der richtigen Strategie minimierst du dein Risiko und gewinnst \u00f6fter.<\/span><\/span><\/span><\/span><\/p>\n<ul>\n<li>\n<p class=\"western\" lang=\"de-DE\"><span style=\"color: #000000;\"><span style=\"font-family: Arial, sans-serif;\"><span style=\"font-size: large;\"><span lang=\"de-CH\">Nutze Systemwetten: Spiele unsere Tipps zum Beispiel als &#8222;2 aus 3&#8220;-System.<\/span><\/span><\/span><\/span><\/p>\n<\/li>\n<li>\n<p class=\"western\" lang=\"de-DE\"><span style=\"color: #000000;\"><span style=\"font-family: Arial, sans-serif;\"><span style=\"font-size: large;\"><span lang=\"de-CH\">Dein Vorteil: Du gewinnst auch dann, wenn einer der drei Tipps falsch ist! So holst du dir oft deinen Einsatz zur\u00fcck oder erzielst bereits einen kleinen Gewinn.<\/span><\/span><\/span><\/span><\/p>\n<\/li>\n<li>\n<p class=\"western\" lang=\"de-DE\"><span style=\"color: #000000;\"><span style=\"font-family: Arial, sans-serif;\"><span style=\"font-size: large;\"><span lang=\"de-CH\">Tipp: Kombiniere nicht zu viele Spiele. Wetten mit 2 oder 3 Auswahlen sind am profitabelsten. Ab 4 Spielen wird jeder Gewinn wackelig.<\/span><\/span><\/span><\/span><\/p>\n<\/li>\n<\/ul>\n<p class=\"western\" lang=\"de-DE\"><span style=\"color: #000000;\"><span style=\"font-family: Arial, sans-serif;\"><span style=\"font-size: x-large;\"><span lang=\"de-CH\"><b><a id=\"Zugang\"><\/a>Dein Zugang zu dauerhaften Gewinnen (ab September 2025).<br \/>\n<\/b><\/span><\/span><\/span><\/span><\/p>\n<p class=\"western\" lang=\"de-DE\"><span style=\"color: #000000;\"><span style=\"font-family: Arial, sans-serif;\"><span style=\"font-size: large;\"><span lang=\"de-CH\"><b>Bist du bereit, deine Wetten auf das n\u00e4chste Level zu heben? Hol dir deinen exklusiven Zugang zu all unseren Analysen.<\/b><\/span><\/span><\/span><\/span><\/p>\n<ul>\n<li>\n<p class=\"western\" lang=\"de-DE\"><span style=\"color: #000000;\"><span style=\"font-family: Arial, sans-serif;\"><span style=\"font-size: large;\"><span lang=\"de-CH\"><b>Monats-Zugang: 35,- CHF<\/b><\/span><\/span><\/span><\/span><\/p>\n<\/li>\n<li>\n<p class=\"western\" lang=\"de-DE\"><span style=\"color: #000000;\"><span style=\"font-family: Arial, sans-serif;\"><span style=\"font-size: large;\"><span lang=\"de-CH\"><b>3-Monats-Paket (Spare 15 CHF): 90,- CHF<\/b><\/span><\/span><\/span><\/span><\/p>\n<\/li>\n<li>\n<p class=\"western\" lang=\"de-DE\"><span style=\"color: #000000;\"><span style=\"font-family: Arial, sans-serif;\"><span style=\"font-size: large;\"><span lang=\"de-CH\">Fair &amp; Transparent: Wir glauben an unsere Tipps. Nur bei einem ausserordentlichen Monatsgewinn von \u00fcber 2&#8217;000,- CHF bitten wir um eine faire Erfolgsbeteiligung von 10 %.<\/span><\/span><\/span><\/span><\/p>\n<\/li>\n<\/ul>\n<p class=\"western\" lang=\"de-DE\"><span style=\"color: #000000;\"><span style=\"font-family: Arial, sans-serif;\"><span style=\"font-size: large;\"><span lang=\"de-CH\">Schicke eine E-Mail an: <\/span><\/span><\/span><\/span><span style=\"color: #0563c1;\"><u><a href=\"mailto:info@fussballbetking.com\"><span style=\"font-family: Arial, sans-serif;\"><span style=\"font-size: large;\"><span lang=\"de-CH\">info@fussballbetking.com<\/span><\/span><\/span><\/a><\/u><\/span><span style=\"color: #000000;\"><span style=\"font-family: Arial, sans-serif;\"><span style=\"font-size: large;\"><span lang=\"de-CH\"> und wir erstellen deine Mitgliedschaft im Klub Fussballbetking f\u00fcr den gew\u00fcnschtem Zeitraum, nach erfolgter Zahlung.<\/span><\/span><\/span><\/span><\/p>\n<p lang=\"de-DE\"><span style=\"font-size: 14pt; color: #000000; font-family: arial, helvetica, sans-serif;\">Wir werden Dir, der sich daf\u00fcr interessiert, nach Einloggen aus Deiner Mail die 13 Tipp-Vorschl\u00e4ge schicken.<\/span><br \/>\n<span style=\"font-size: 14pt; color: #000000; font-family: arial, helvetica, sans-serif;\">Das ist im August ab 16.8. bis 31.8 kostenlos und ohne jegliche Verpflichtung.<\/span><\/p>\n<p class=\"western\" lang=\"de-DE\"><span style=\"color: #000000;\"><span style=\"font-family: Arial, sans-serif;\"><span style=\"font-size: large;\"><span lang=\"de-CH\"><i><b><a id=\"Bonus\"><\/a>Bonus: Unser Langzeit-K\u00f6nigstipp vom 8. August 25<\/b><\/i><\/span><\/span><\/span><\/span><\/p>\n<p class=\"western\" lang=\"de-DE\"><span style=\"color: #000000;\"><span style=\"font-family: Arial, sans-serif;\"><span style=\"font-size: large;\"><span lang=\"de-CH\"><i>Wir sind von unserer Analyse-Methode so \u00fcberzeugt, dass wir uns jetzt schon festlegen:<\/i><\/span><\/span><\/span><\/span><\/p>\n<p class=\"western\" lang=\"de-DE\"><span style=\"color: #0563c1;\"><u><a href=\"http:\/\/www.fussballbetking.com\/\"><span style=\"font-family: Arial, sans-serif;\"><span style=\"font-size: large;\"><i>www.fussballbetking.com<\/i><\/span><\/span><\/a><\/u><\/span><i> <\/i><span style=\"color: #000000;\"><span style=\"font-family: Arial, sans-serif;\"><span style=\"font-size: large;\"><span lang=\"de-CH\"><i>wettet, dass Trainer Dieter Hecking die Saison beim FC Bochum nicht \u00fcbersteht und der Verein NICHT aufsteigt!<\/i><\/span><\/span><\/span><\/span><\/p>\n<p class=\"western\" lang=\"de-DE\"><span style=\"color: #000000;\"><span style=\"font-family: Arial, sans-serif;\"><span style=\"font-size: large;\"><span lang=\"de-CH\"><i>Das ist die Art von Insider-Wissen, die den Unterschied zwischen Hoffen und Gewinnen ausmacht.<\/i><\/span><\/span><\/span><\/span><\/p>\n","protected":false},"excerpt":{"rendered":"<p>Fussballbetking.com Bei Fussballbetking erh\u00e4ltst du Prognosen. Sieg &#8211; kein Sieg &#8211; Niederlage. Schluss mit geplatzten Wettscheinen! So tippst du auf &hellip; <a href=\"https:\/\/fussballbetking.com\/\" class=\"more-link\">Continue reading <span class=\"screen-reader-text\">Home<\/span><\/a><\/p>\n","protected":false},"author":1,"featured_media":0,"parent":0,"menu_order":0,"comment_status":"closed","ping_status":"closed","template":"page-templates\/full-width.php","meta":{"om_disable_all_campaigns":false,"_monsterinsights_skip_tracking":false,"_monsterinsights_sitenote_active":false,"_monsterinsights_sitenote_note":"","_monsterinsights_sitenote_category":0,"footnotes":""},"class_list":["post-13","page","type-page","status-publish","hentry"],"aioseo_notices":[],"jetpack_sharing_enabled":true,"_links":{"self":[{"href":"https:\/\/fussballbetking.com\/index.php?rest_route=\/wp\/v2\/pages\/13","targetHints":{"allow":["GET"]}}],"collection":[{"href":"https:\/\/fussballbetking.com\/index.php?rest_route=\/wp\/v2\/pages"}],"about":[{"href":"https:\/\/fussballbetking.com\/index.php?rest_route=\/wp\/v2\/types\/page"}],"author":[{"embeddable":true,"href":"https:\/\/fussballbetking.com\/index.php?rest_route=\/wp\/v2\/users\/1"}],"replies":[{"embeddable":true,"href":"https:\/\/fussballbetking.com\/index.php?rest_route=%2Fwp%2Fv2%2Fcomments&post=13"}],"version-history":[{"count":12,"href":"https:\/\/fussballbetking.com\/index.php?rest_route=\/wp\/v2\/pages\/13\/revisions"}],"predecessor-version":[{"id":88,"href":"https:\/\/fussballbetking.com\/index.php?rest_route=\/wp\/v2\/pages\/13\/revisions\/88"}],"wp:attachment":[{"href":"https:\/\/fussballbetking.com\/index.php?rest_route=%2Fwp%2Fv2%2Fmedia&parent=13"}],"curies":[{"name":"wp","href":"https:\/\/api.w.org\/{rel}","templated":true}]}}